{"id":336,"date":"2022-04-27T12:10:59","date_gmt":"2022-04-27T10:10:59","guid":{"rendered":"http:\/\/f4ftech.com\/osiagniecia\/"},"modified":"2026-01-27T14:01:32","modified_gmt":"2026-01-27T13:01:32","slug":"projekty","status":"publish","type":"page","link":"https:\/\/f4ftech.com\/pl\/projekty\/","title":{"rendered":"Projekty"},"content":{"rendered":"<p>[et_pb_section fb_built=&#8221;1&#8243; custom_padding_last_edited=&#8221;on|phone&#8221; _builder_version=&#8221;4.17.3&#8243; _module_preset=&#8221;default&#8221; background_color_gradient_direction=&#8221;90deg&#8221; background_color_gradient_start=&#8221;#00106d&#8221; background_color_gradient_end=&#8221;rgba(0,0,0,0)&#8221; background_image=&#8221;https:\/\/f4ftech.com\/wp-content\/uploads\/2022\/04\/f4f-tech-bg-7.jpg&#8221; parallax=&#8221;on&#8221; parallax_method=&#8221;off&#8221; custom_padding=&#8221;10vh||10vh||true|false&#8221; custom_padding_tablet=&#8221;&#8221; custom_padding_phone=&#8221;100px||100px||true|false&#8221; global_colors_info=&#8221;{}&#8221;][et_pb_row use_custom_gutter=&#8221;on&#8221; gutter_width=&#8221;2&#8243; custom_padding_last_edited=&#8221;on|phone&#8221; _builder_version=&#8221;4.17.4&#8243; _module_preset=&#8221;default&#8221; max_width=&#8221;1370px&#8221; custom_padding=&#8221;120px||50px||false|false&#8221; custom_padding_tablet=&#8221;120px||50px||false|false&#8221; custom_padding_phone=&#8221;50px||10px||false|false&#8221; global_colors_info=&#8221;{}&#8221;][et_pb_column type=&#8221;4_4&#8243; _builder_version=&#8221;4.16&#8243; _module_preset=&#8221;default&#8221; global_colors_info=&#8221;{}&#8221;][et_pb_text _builder_version=&#8221;4.27.0&#8243; _module_preset=&#8221;default&#8221; header_font=&#8221;Raleway||||||||&#8221; header_text_color=&#8221;#FFFFFF&#8221; header_line_height=&#8221;1.2em&#8221; custom_margin=&#8221;||10px||false|false&#8221; header_font_size_tablet=&#8221;&#8221; header_font_size_phone=&#8221;30px&#8221; header_font_size_last_edited=&#8221;on|phone&#8221; header_line_height_tablet=&#8221;&#8221; header_line_height_phone=&#8221;1.4em&#8221; header_line_height_last_edited=&#8221;on|phone&#8221; global_colors_info=&#8221;{}&#8221; header_line_height__hover_enabled=&#8221;off|desktop&#8221;]<\/p>\n<h1>Projekty<\/h1>\n<p>[\/et_pb_text][\/et_pb_column][\/et_pb_row][\/et_pb_section][et_pb_section fb_built=&#8221;1&#8243; inner_shadow=&#8221;on&#8221; use_custom_gutter=&#8221;on&#8221; gutter_width=&#8221;2&#8243; specialty=&#8221;on&#8221; padding_bottom_1=&#8221;50px&#8221; padding_top_bottom_link_1=&#8221;false&#8221; padding_left_right_link_1=&#8221;false&#8221; _builder_version=&#8221;4.27.0&#8243; _module_preset=&#8221;default&#8221; global_colors_info=&#8221;{}&#8221;][et_pb_column type=&#8221;3_4&#8243; specialty_columns=&#8221;3&#8243; _builder_version=&#8221;4.16&#8243; custom_padding=&#8221;|||&#8221; global_colors_info=&#8221;{}&#8221; custom_padding__hover=&#8221;|||&#8221;][et_pb_row_inner _builder_version=&#8221;4.17.0&#8243; _module_preset=&#8221;default&#8221; global_colors_info=&#8221;{}&#8221;][et_pb_column_inner saved_specialty_column_type=&#8221;3_4&#8243; _builder_version=&#8221;4.17.0&#8243; _module_preset=&#8221;default&#8221; custom_padding=&#8221;|10px||10px|false|true&#8221; custom_padding_tablet=&#8221;|10px||10px|false|true&#8221; custom_padding_phone=&#8221;|0px||0px|false|true&#8221; custom_padding_last_edited=&#8221;on|phone&#8221; border_width_right=&#8221;2px&#8221; border_color_right=&#8221;#00106D&#8221; border_width_all_tablet=&#8221;&#8221; border_width_all_phone=&#8221;&#8221; border_width_all_last_edited=&#8221;on|phone&#8221; border_width_right_tablet=&#8221;2px&#8221; border_width_right_phone=&#8221;0px&#8221; border_width_right_last_edited=&#8221;on|phone&#8221; global_colors_info=&#8221;{}&#8221;][et_pb_number_counter number=&#8221;1&#8243; percent_sign=&#8221;off&#8221; _builder_version=&#8221;4.17.0&#8243; _module_preset=&#8221;default&#8221; number_font_size=&#8221;55px&#8221; text_orientation=&#8221;left&#8221; global_colors_info=&#8221;{}&#8221;][\/et_pb_number_counter][et_pb_text _builder_version=&#8221;4.17.0&#8243; _module_preset=&#8221;default&#8221; text_font=&#8221;Open Sans||||||||&#8221; text_text_color=&#8221;#00106D&#8221; text_line_height=&#8221;1.6em&#8221; header_2_font_size=&#8221;30px&#8221; header_2_line_height=&#8221;1.2em&#8221; header_2_font_size_tablet=&#8221;30px&#8221; header_2_font_size_phone=&#8221;25px&#8221; header_2_font_size_last_edited=&#8221;on|phone&#8221; global_colors_info=&#8221;{}&#8221;]<\/p>\n<h2>Shrimp Health Alert<\/h2>\n<p>Szybki i precyzyjny test Point of Care do detekcji patogen\u00f3w na farmach krewetek w ramach dzia\u0142ania 1.1 Programu Operacyjnego Inteligentny Rozw\u00f3j 2014-2020, wsp\u00f3\u0142finansowanego ze \u015brodk\u00f3w Europejskiego Funduszu Rozwoju Regionalnego; Priorytet I: Wsparcie prowadzenia prac B+R przez przedsi\u0119biorstwa; Dzia\u0142anie: 1.1 Projekty B+R przedsi\u0119biorstw; Poddzia\u0142anie 1.1.1: Badania przemys\u0142owe i prace rozwojowe realizowane przez przedsi\u0119biorstwa<\/p>\n<p><strong>Cel projektu: <\/strong>opracowanie testu diagnostycznego do detekcji wirus\u00f3w i bakterii na farmach krewetek. Test w zamy\u015ble ma by\u0107 prosty w obs\u0142udze, szybki i stosunkowo nie drogi, co pozwoli na jego rozpowszechnienie w\u015br\u00f3d hodowc\u00f3w, zmniejszenie strat materialnych wywo\u0142anych przez epidemie, a tak\u017ce stosowanie lek\u00f3w tylko w\u00f3wczas, kiedy jest taka potrzeba.<\/p>\n<p>[\/et_pb_text][et_pb_image src=&#8221;https:\/\/f4ftech.com\/wp-content\/uploads\/2022\/05\/fe_pl_ue_pl.jpg&#8221; title_text=&#8221;logo_FE_Inteligentny_Rozwoj_rgb&#8221; _builder_version=&#8221;4.17.4&#8243; _module_preset=&#8221;default&#8221; global_colors_info=&#8221;{}&#8221;][\/et_pb_image][et_pb_text _builder_version=&#8221;4.17.4&#8243; _module_preset=&#8221;default&#8221; text_line_height=&#8221;1.6em&#8221; link_text_color=&#8221;#07E9FE&#8221; header_2_font_size=&#8221;30px&#8221; header_2_font_size_tablet=&#8221;30px&#8221; header_2_font_size_phone=&#8221;25px&#8221; header_2_font_size_last_edited=&#8221;on|phone&#8221; global_colors_info=&#8221;{}&#8221;]<\/p>\n<p><strong>Ca\u0142kowita warto\u015b\u0107 projektu:<\/strong> 10 187 623,53 z\u0142<br \/><strong>Warto\u015b\u0107 dofinansowania:<\/strong> 8 775 441,18 z\u0142<br \/><strong>Okres realizacji projektu:<\/strong> 1.02.2020 \u2013 29.06.2023<\/p>\n<p>Projekt realizowany w Konsorcjum z Instytutem Biotechnologii i Medycyny Molekularnej.<\/p>\n<p><a href=\"http:\/\/mapadotacji.gov.pl\/\" target=\"_blank\" rel=\"noopener\" data-saferedirecturl=\"https:\/\/www.google.com\/url?q=http:\/\/mapadotacji.gov.pl&amp;source=gmail&amp;ust=1610637286330000&amp;usg=AFQjCNF8PI8_wEni36ZxT6m2YoHPVBCv-A\">mapadotacji.gov.pl<\/a><\/p>\n<p>[\/et_pb_text][\/et_pb_column_inner][\/et_pb_row_inner][et_pb_row_inner _builder_version=&#8221;4.17.0&#8243; _module_preset=&#8221;default&#8221; global_colors_info=&#8221;{}&#8221;][et_pb_column_inner saved_specialty_column_type=&#8221;3_4&#8243; _builder_version=&#8221;4.17.0&#8243; _module_preset=&#8221;default&#8221; custom_padding=&#8221;|10px||10px|false|true&#8221; custom_padding_tablet=&#8221;|10px||10px|false|true&#8221; custom_padding_phone=&#8221;|0px||0px|false|true&#8221; custom_padding_last_edited=&#8221;on|phone&#8221; border_width_right=&#8221;2px&#8221; border_color_right=&#8221;#00106D&#8221; border_width_right_tablet=&#8221;2px&#8221; border_width_right_phone=&#8221;0px&#8221; border_width_right_last_edited=&#8221;on|phone&#8221; global_colors_info=&#8221;{}&#8221;][et_pb_number_counter number=&#8221;2&#8243; percent_sign=&#8221;off&#8221; _builder_version=&#8221;4.17.0&#8243; _module_preset=&#8221;default&#8221; number_font_size=&#8221;55px&#8221; text_orientation=&#8221;left&#8221; global_colors_info=&#8221;{}&#8221;][\/et_pb_number_counter][et_pb_text _builder_version=&#8221;4.17.0&#8243; _module_preset=&#8221;default&#8221; text_font=&#8221;Open Sans||||||||&#8221; text_text_color=&#8221;#00106D&#8221; text_line_height=&#8221;1.6em&#8221; header_2_font_size=&#8221;30px&#8221; header_2_line_height=&#8221;1.2em&#8221; custom_padding=&#8221;||5px|||&#8221; header_2_font_size_tablet=&#8221;30px&#8221; header_2_font_size_phone=&#8221;25px&#8221; header_2_font_size_last_edited=&#8221;on|phone&#8221; global_colors_info=&#8221;{}&#8221;]<\/p>\n<h2>Tworzenie strategii ekspansji na rynek zagraniczny \u2013 rynek norweski<\/h2>\n<p>Projekt dofinansowany z Funduszy Europejskich w ramach Programu Operacyjnego Inteligentny Rozw\u00f3j 2014-2020, o\u015b priorytetowa III \u201dWsparcie innowacji w przedsi\u0119biorstwach\u201d, Dzia\u0142anie 3.3 \u201eWsparcie promocji oraz internacjonalizacji innowacyjnych przedsi\u0119biorstw\u201d, Poddzia\u0142anie 3.3.1 \u201ePolskie Mosty Technologiczne\u201d.<\/p>\n<p>[\/et_pb_text][et_pb_image src=&#8221;https:\/\/f4ftech.com\/wp-content\/uploads\/2022\/05\/fe_pl_ue_pl.jpg&#8221; title_text=&#8221;logo_FE_Inteligentny_Rozwoj_rgb&#8221; _builder_version=&#8221;4.18.0&#8243; _module_preset=&#8221;default&#8221; global_colors_info=&#8221;{}&#8221;][\/et_pb_image][et_pb_text _builder_version=&#8221;4.27.5&#8243; _module_preset=&#8221;default&#8221; text_font=&#8221;Open Sans||||||||&#8221; text_text_color=&#8221;#00106D&#8221; text_line_height=&#8221;1.6em&#8221; header_2_font_size=&#8221;30px&#8221; header_2_line_height=&#8221;1.2em&#8221; header_2_font_size_tablet=&#8221;30px&#8221; header_2_font_size_phone=&#8221;25px&#8221; header_2_font_size_last_edited=&#8221;on|phone&#8221; locked=&#8221;off&#8221; global_colors_info=&#8221;{}&#8221;]<\/p>\n<p><strong>Cel i efekty projektu:<\/strong> opracowanie strategii komercjalizacji nowoczesnych test\u00f3w diagnostycznych do identyfikacji patogen\u00f3w na farmach \u0142ososi w Norwegii. W ramach projektu rozeznane zostan\u0105 mo\u017cliwo\u015bci certyfikacji nowych urz\u0105dze\u0144 diagnostycznych, wielko\u015b\u0107 rynku docelowego oraz charakterystyka klient\u00f3w docelowych.<\/p>\n<p><strong>Rezultatem projektu jest strategia ekspansji na rynek Norweski.<\/strong><\/p>\n<p><strong>Warto\u015b\u0107 dofinansowania: <\/strong>200 000,00 z\u0142<\/p>\n<p>[\/et_pb_text][\/et_pb_column_inner][\/et_pb_row_inner][et_pb_row_inner _builder_version=&#8221;4.17.0&#8243; _module_preset=&#8221;default&#8221; global_colors_info=&#8221;{}&#8221;][et_pb_column_inner saved_specialty_column_type=&#8221;3_4&#8243; _builder_version=&#8221;4.17.0&#8243; _module_preset=&#8221;default&#8221; custom_padding=&#8221;|10px||10px|false|true&#8221; custom_padding_tablet=&#8221;|10px||10px|false|true&#8221; custom_padding_phone=&#8221;|0px||0px|false|true&#8221; custom_padding_last_edited=&#8221;on|phone&#8221; border_width_right=&#8221;2px&#8221; border_color_right=&#8221;#00106D&#8221; border_width_right_tablet=&#8221;2px&#8221; border_width_right_phone=&#8221;0px&#8221; border_width_right_last_edited=&#8221;on|phone&#8221; global_colors_info=&#8221;{}&#8221;][et_pb_number_counter number=&#8221;3&#8243; percent_sign=&#8221;off&#8221; _builder_version=&#8221;4.17.0&#8243; _module_preset=&#8221;default&#8221; number_font_size=&#8221;55px&#8221; text_orientation=&#8221;left&#8221; global_colors_info=&#8221;{}&#8221;][\/et_pb_number_counter][et_pb_text _builder_version=&#8221;4.17.0&#8243; _module_preset=&#8221;default&#8221; text_font=&#8221;Open Sans||||||||&#8221; text_text_color=&#8221;#00106D&#8221; text_line_height=&#8221;1.6em&#8221; header_2_font_size=&#8221;30px&#8221; header_2_line_height=&#8221;1.2em&#8221; header_2_font_size_tablet=&#8221;30px&#8221; header_2_font_size_phone=&#8221;25px&#8221; header_2_font_size_last_edited=&#8221;on|phone&#8221; global_colors_info=&#8221;{}&#8221;]<\/p>\n<h2>Projekt FishSensor<\/h2>\n<p>Prace badawczo-rozwojowe nad opracowaniem systemu wykrywaj\u0105cego patogeny w hodowlach ryb jest realizowany w ramach dzia\u0142ania 1.1 \u201eProjekty B+R przedsi\u0119biorstw\u201d Programu Operacyjnego Inteligentny Rozw\u00f3j 2014-2020, wsp\u00f3\u0142finansowanego ze \u015brodk\u00f3w Europejskiego Funduszu Rozwoju Regionalnego.<\/p>\n<p>[\/et_pb_text][et_pb_image src=&#8221;https:\/\/f4ftech.com\/wp-content\/uploads\/2022\/05\/fe_ncbir_ue_pl.jpg&#8221; title_text=&#8221;logo_FE_Inteligentny_Rozwoj_rgb&#8221; _builder_version=&#8221;4.17.4&#8243; _module_preset=&#8221;default&#8221; global_colors_info=&#8221;{}&#8221;][\/et_pb_image][et_pb_text _builder_version=&#8221;4.17.4&#8243; _module_preset=&#8221;default&#8221; text_line_height=&#8221;1.6em&#8221; link_text_color=&#8221;#07E9FE&#8221; header_2_font_size=&#8221;30px&#8221; header_2_font_size_tablet=&#8221;30px&#8221; header_2_font_size_phone=&#8221;25px&#8221; header_2_font_size_last_edited=&#8221;on|phone&#8221; global_colors_info=&#8221;{}&#8221;]<\/p>\n<p><strong>Cel i efekty projektu:<\/strong> opracowanie i wdro\u017cenie na rynek testu diagnostycznego, FishSensora, do wykrywania najcz\u0119\u015bciej wyst\u0119puj\u0105cych patogen\u00f3w w hodowlach rybnych. W wyniku realizacji projektu skonstruowane zostanie urz\u0105dzenie, kt\u00f3re b\u0119dzie umo\u017cliwia\u0142o natychmiastow\u0105 diagnostyk\u0119 infekcji bakteryjnych i wirusowych na farmach rybnych.<\/p>\n<p><strong>Ca\u0142kowita warto\u015b\u0107 projektu: <\/strong>6 078 578,40 z\u0142<br \/><strong>Wysoko\u015b\u0107 dofinansowania Funduszy Europejskich:<\/strong> 4 527 464,49 z\u0142<\/p>\n<p>[\/et_pb_text][\/et_pb_column_inner][\/et_pb_row_inner][et_pb_row_inner _builder_version=&#8221;4.17.0&#8243; _module_preset=&#8221;default&#8221; global_colors_info=&#8221;{}&#8221;][et_pb_column_inner saved_specialty_column_type=&#8221;3_4&#8243; _builder_version=&#8221;4.17.0&#8243; _module_preset=&#8221;default&#8221; custom_padding=&#8221;|10px||10px|false|true&#8221; custom_padding_tablet=&#8221;|10px||10px|false|true&#8221; custom_padding_phone=&#8221;|0px||0px|false|true&#8221; custom_padding_last_edited=&#8221;on|phone&#8221; border_width_right=&#8221;2px&#8221; border_color_right=&#8221;#00106D&#8221; border_width_right_tablet=&#8221;2px&#8221; border_width_right_phone=&#8221;0px&#8221; border_width_right_last_edited=&#8221;on|phone&#8221; global_colors_info=&#8221;{}&#8221;][et_pb_number_counter number=&#8221;4&#8243; percent_sign=&#8221;off&#8221; _builder_version=&#8221;4.27.0&#8243; _module_preset=&#8221;default&#8221; number_font_size=&#8221;55px&#8221; text_orientation=&#8221;left&#8221; global_colors_info=&#8221;{}&#8221;][\/et_pb_number_counter][et_pb_text _builder_version=&#8221;4.27.0&#8243; _module_preset=&#8221;default&#8221; text_font=&#8221;Open Sans||||||||&#8221; text_text_color=&#8221;#00106D&#8221; text_line_height=&#8221;1.6em&#8221; header_2_font_size=&#8221;30px&#8221; header_2_line_height=&#8221;1.2em&#8221; header_2_font_size_tablet=&#8221;30px&#8221; header_2_font_size_phone=&#8221;25px&#8221; header_2_font_size_last_edited=&#8221;on|phone&#8221; global_colors_info=&#8221;{}&#8221;]<\/p>\n<h2>AlgaFiber<\/h2>\n<p>\u201eOpracowanie innowacyjnego prozdrowotnego preparatu polisacharydowego zawieraj\u0105cego \u0142atwo przyswajalne bia\u0142ka na bazie ekstraktu z alg morskich wraz z technologi\u0105 jego produkcji\u201d realizowany w ramach I konkursu NUTRITECH \u2013 \u017cywienie w \u015bwietle wyzwa\u0144 poprawy dobrostanu spo\u0142ecze\u0144stwa oraz zmian klimatu dofinansowany ze \u015brodk\u00f3w bud\u017cetu pa\u0144stwa.<\/p>\n<p>Umowa o dofinansowanie nr NUTRITECH1\/000O\/2022 z dnia\u00a011.10.2023\u00a0roku<\/p>\n<p>[\/et_pb_text][et_pb_image src=&#8221;https:\/\/f4ftech.com\/wp-content\/uploads\/2024\/08\/image001.png&#8221; title_text=&#8221;image001&#8243; _builder_version=&#8221;4.27.0&#8243; _module_preset=&#8221;default&#8221; global_colors_info=&#8221;{}&#8221;][\/et_pb_image][et_pb_text _builder_version=&#8221;4.27.5&#8243; _module_preset=&#8221;default&#8221; text_line_height=&#8221;1.6em&#8221; link_text_color=&#8221;#07E9FE&#8221; header_2_font_size=&#8221;30px&#8221; header_2_font_size_tablet=&#8221;30px&#8221; header_2_font_size_phone=&#8221;25px&#8221; header_2_font_size_last_edited=&#8221;on|phone&#8221; global_colors_info=&#8221;{}&#8221;]<\/p>\n<p style=\"font-weight: 400;\"><strong>Cel i efekty projektu<\/strong>: opracowanie innowacyjnego w skali \u015bwiata preparatu polisacharydowego AlgaFibers sk\u0142adaj\u0105cy si\u0119 z kompleksu polisacharyd\u00f3w stanowi\u0105cych b\u0142onnik pokarmowy i \u0142atwo przyswajalne bia\u0142ka pozyskiwane z makroalg morskich oraz mannitolu, kt\u00f3ry b\u0119dzie wp\u0142ywa\u0142 na obni\u017cenie poziomu cukru we krwi poprzez dzia\u0142ania hamuj\u0105ce alfa-amylazy i alfaglukozydazy oraz b\u0119dzie wykazywa\u0142 w\u0142a\u015bciwo\u015bci antyoksydacyjne i przeciwzapalne, typowe dla zaburze\u0144 metabolicznych wynikaj\u0105cych z chor\u00f3b cywilizacyjnych oraz wp\u0142ynie na obni\u017cenie poziomu cholesterolu (poprzez redukcj\u0119 wch\u0142aniania oraz gromadzenia t\u0142uszcz\u00f3w nasyconych w kom\u00f3rkach w\u0105troby, a tak\u017ce ich lipoliz\u0119), w por\u00f3wnaniu do preparat\u00f3w dost\u0119pnych na rynku \u015bwiatowym (np. PGX, Enterfiber, Litesse).<\/p>\n<p style=\"font-weight: 400;\"><strong>Ca\u0142kowita warto\u015b\u0107 projektu:<\/strong>\u00a09\u00a0889\u00a0622,50 z\u0142<br \/><strong>Warto\u015b\u0107 dofinansowania:\u00a0<\/strong>6\u00a0876\u00a0851,00 z\u0142<br \/><strong>Okres realizacji projektu:\u00a0<\/strong>01.09.2023 \u2013 31.05.2026<\/p>\n<p style=\"font-weight: 400;\">Projekt realizowany w Konsorcjum:<\/p>\n<p style=\"font-weight: 400;\">Food4Future Technologies Sp. z o.o. \u2013 Lider Konsorcjum (Przedsi\u0119biorstwo)<\/p>\n<p style=\"font-weight: 400;\">H2O SCITECH \u2013 Instytut Wody \u2013 Konsorcjant (Jednostka naukowa)<\/p>\n<p style=\"font-weight: 400;\">Tarczy\u0144ski SA \u2013 Konsorcjant (Przedsi\u0119biorstwo)<\/p>\n<p>[\/et_pb_text][\/et_pb_column_inner][\/et_pb_row_inner][\/et_pb_column][et_pb_column type=&#8221;1_4&#8243; _builder_version=&#8221;4.16&#8243; custom_padding=&#8221;|||&#8221; global_colors_info=&#8221;{}&#8221; custom_padding__hover=&#8221;|||&#8221;][et_pb_text _builder_version=&#8221;4.17.4&#8243; _module_preset=&#8221;default&#8221; header_2_font_size=&#8221;30px&#8221; header_3_text_color=&#8221;#05E7A6&#8243; header_3_font_size=&#8221;26px&#8221; header_2_font_size_tablet=&#8221;30px&#8221; header_2_font_size_phone=&#8221;25px&#8221; header_2_font_size_last_edited=&#8221;on|phone&#8221; header_3_font_size_tablet=&#8221;&#8221; header_3_font_size_phone=&#8221;25px&#8221; header_3_font_size_last_edited=&#8221;on|phone&#8221; global_colors_info=&#8221;{}&#8221;]<\/p>\n<h3>Aktualno\u015bci<\/h3>\n<p>[\/et_pb_text][et_pb_blog use_manual_excerpt=&#8221;off&#8221; show_author=&#8221;off&#8221; show_categories=&#8221;off&#8221; show_excerpt=&#8221;off&#8221; _builder_version=&#8221;4.27.0&#8243; _module_preset=&#8221;default&#8221; header_text_color=&#8221;#00106D&#8221; header_font_size=&#8221;20px&#8221; header_line_height=&#8221;1.3em&#8221; meta_text_color=&#8221;#05E7A6&#8243; custom_margin=&#8221;||||false|false&#8221; custom_padding=&#8221;||||false|false&#8221; header_font_tablet=&#8221;&#8221; header_font_phone=&#8221;&#8221; header_font_last_edited=&#8221;on|phone&#8221; header_font_size_tablet=&#8221;20px&#8221; header_font_size_phone=&#8221;20px&#8221; header_font_size_last_edited=&#8221;on|phone&#8221; border_color_left_fullwidth=&#8221;#00106D&#8221; global_colors_info=&#8221;{}&#8221;][\/et_pb_blog][\/et_pb_column][\/et_pb_section]<\/p>\n","protected":false},"excerpt":{"rendered":"<p>ProjektyShrimp Health Alert Szybki i precyzyjny test Point of Care do detekcji patogen\u00f3w na farmach krewetek w ramach dzia\u0142ania 1.1 Programu Operacyjnego Inteligentny Rozw\u00f3j 2014-2020, wsp\u00f3\u0142finansowanego ze \u015brodk\u00f3w Europejskiego Funduszu Rozwoju Regionalnego; Priorytet I: Wsparcie prowadzenia prac B+R przez przedsi\u0119biorstwa; Dzia\u0142anie: 1.1 Projekty B+R przedsi\u0119biorstw; Poddzia\u0142anie 1.1.1: Badania przemys\u0142owe i prace rozwojowe realizowane przez przedsi\u0119biorstwa [&hellip;]<\/p>\n","protected":false},"author":4,"featured_media":0,"parent":0,"menu_order":0,"comment_status":"closed","ping_status":"closed","template":"","meta":{"_et_pb_use_builder":"on","_et_pb_old_content":"","_et_gb_content_width":"","footnotes":""},"class_list":["post-336","page","type-page","status-publish","hentry"],"_links":{"self":[{"href":"https:\/\/f4ftech.com\/pl\/wp-json\/wp\/v2\/pages\/336","targetHints":{"allow":["GET"]}}],"collection":[{"href":"https:\/\/f4ftech.com\/pl\/wp-json\/wp\/v2\/pages"}],"about":[{"href":"https:\/\/f4ftech.com\/pl\/wp-json\/wp\/v2\/types\/page"}],"author":[{"embeddable":true,"href":"https:\/\/f4ftech.com\/pl\/wp-json\/wp\/v2\/users\/4"}],"replies":[{"embeddable":true,"href":"https:\/\/f4ftech.com\/pl\/wp-json\/wp\/v2\/comments?post=336"}],"version-history":[{"count":21,"href":"https:\/\/f4ftech.com\/pl\/wp-json\/wp\/v2\/pages\/336\/revisions"}],"predecessor-version":[{"id":3955,"href":"https:\/\/f4ftech.com\/pl\/wp-json\/wp\/v2\/pages\/336\/revisions\/3955"}],"wp:attachment":[{"href":"https:\/\/f4ftech.com\/pl\/wp-json\/wp\/v2\/media?parent=336"}],"curies":[{"name":"wp","href":"https:\/\/api.w.org\/{rel}","templated":true}]}}