{"id":1077,"date":"2022-11-02T11:34:07","date_gmt":"2022-11-02T10:34:07","guid":{"rendered":"https:\/\/f4ftech.com\/?page_id=1077"},"modified":"2022-11-02T16:17:34","modified_gmt":"2022-11-02T15:17:34","slug":"polityka-prywatnosci","status":"publish","type":"page","link":"https:\/\/f4ftech.com\/pl\/polityka-prywatnosci\/","title":{"rendered":"Polityka prywatno\u015bci"},"content":{"rendered":"<p>[et_pb_section fb_built=&#8221;1&#8243; custom_padding_last_edited=&#8221;on|phone&#8221; _builder_version=&#8221;4.18.1&#8243; _module_preset=&#8221;default&#8221; background_color_gradient_direction=&#8221;90deg&#8221; background_color_gradient_start=&#8221;#00106d&#8221; background_color_gradient_end=&#8221;rgba(0,0,0,0)&#8221; background_image=&#8221;https:\/\/f4ftech.com\/wp-content\/uploads\/2022\/04\/f4f-tech-bg-6.jpg&#8221; parallax=&#8221;on&#8221; parallax_method=&#8221;off&#8221; custom_padding=&#8221;10vh||10vh||true|false&#8221; custom_padding_tablet=&#8221;&#8221; custom_padding_phone=&#8221;100px||100px||true|false&#8221; global_colors_info=&#8221;{}&#8221;][et_pb_row use_custom_gutter=&#8221;on&#8221; gutter_width=&#8221;2&#8243; custom_padding_last_edited=&#8221;on|phone&#8221; _builder_version=&#8221;4.18.0&#8243; _module_preset=&#8221;default&#8221; max_width=&#8221;1370px&#8221; custom_padding=&#8221;120px||50px||false|false&#8221; custom_padding_tablet=&#8221;120px||50px||false|false&#8221; custom_padding_phone=&#8221;50px||10px||false|false&#8221; global_colors_info=&#8221;{}&#8221;][et_pb_column type=&#8221;4_4&#8243; _builder_version=&#8221;4.16&#8243; _module_preset=&#8221;default&#8221; global_colors_info=&#8221;{}&#8221;][et_pb_text _builder_version=&#8221;4.18.1&#8243; _module_preset=&#8221;default&#8221; header_font=&#8221;Raleway||||||||&#8221; header_text_color=&#8221;#FFFFFF&#8221; header_line_height=&#8221;1.2em&#8221; custom_margin=&#8221;||10px||false|false&#8221; header_font_size_tablet=&#8221;&#8221; header_font_size_phone=&#8221;30px&#8221; header_font_size_last_edited=&#8221;on|phone&#8221; header_line_height_tablet=&#8221;&#8221; header_line_height_phone=&#8221;1.4em&#8221; header_line_height_last_edited=&#8221;on|phone&#8221; global_colors_info=&#8221;{}&#8221; header_line_height__hover_enabled=&#8221;off|desktop&#8221;]<\/p>\n<h1>Polityka prywatno\u015bci<\/h1>\n<p>[\/et_pb_text][\/et_pb_column][\/et_pb_row][\/et_pb_section][et_pb_section fb_built=&#8221;1&#8243; _builder_version=&#8221;4.18.1&#8243; _module_preset=&#8221;default&#8221; global_colors_info=&#8221;{}&#8221;][et_pb_row _builder_version=&#8221;4.18.1&#8243; _module_preset=&#8221;default&#8221; global_colors_info=&#8221;{}&#8221;][et_pb_column type=&#8221;4_4&#8243; _builder_version=&#8221;4.18.1&#8243; _module_preset=&#8221;default&#8221; global_colors_info=&#8221;{}&#8221;][et_pb_text _builder_version=&#8221;4.18.1&#8243; _module_preset=&#8221;default&#8221; text_font=&#8221;Open Sans||||||||&#8221; text_text_color=&#8221;#00106D&#8221; header_2_font_size=&#8221;30px&#8221; header_2_line_height=&#8221;1.2em&#8221; hover_enabled=&#8221;0&#8243; header_2_font_size_tablet=&#8221;30px&#8221; header_2_font_size_phone=&#8221;25px&#8221; header_2_font_size_last_edited=&#8221;on|phone&#8221; global_colors_info=&#8221;{}&#8221; sticky_enabled=&#8221;0&#8243;]<\/p>\n<h2>Polityka prywatno\u015bci<\/h2>\n<p>Niniejsza Polityka Prywatno\u015bci okre\u015bla zasady przetwarzania wszelkich informacji o charakterze danych osobowych, kt\u00f3re pozyskane zosta\u0142y przez <strong>Food4Future Technologies Sp. z o. o. z siedzib\u0105 we Wroc\u0142awiu<\/strong> w zwi\u0105zku z korzystaniem przez U\u017cytkownik\u00f3w z informacji oraz us\u0142ug dost\u0119pnych za po\u015brednictwem serwisu prowadzonego pod domen\u0105 <a href=\"https:\/\/www.f4ftech.com\/\">https:\/\/www.f4ftech.com<\/a><\/p>\n<p><strong>\u00a0<\/strong><\/p>\n<h2>Administrator danych osobowych<\/h2>\n<p>Administratorem danych osobowych U\u017cytkownik\u00f3w serwisu jest Food4Future Technologies Sp. z o. o. z siedzib\u0105 przy ul. Tarasa Szewczenki 24, 51 \u2013 351 Wroc\u0142aw, wpisana do rejestru przedsi\u0119biorc\u00f3w, prowadzonego przez S\u0105d Rejonowy dla Wroc\u0142awia \u2013 Fabrycznej we Wroc\u0142awiu, VI Wydzia\u0142 Gospodarczy Krajowego Rejestru S\u0105dowego, pod numerem KRS: 0000683687.<\/p>\n<p>&nbsp;<\/p>\n<h2>Osoba kontaktowa w sprawach z zakresu ochrony danych osobowych<\/h2>\n<p>We wszelkich sprawach zwi\u0105zanych z przetwarzaniem danych osobowych oraz korzystaniem z praw zwi\u0105zanych z tym przetwarzaniem prosimy o bezpo\u015bredni kontakt z osob\u0105 kontaktow\u0105 w sprawach z zakresu ochrony danych osobowych po stronie Administratora, tj.: Katarzyna Pala, e-mail: <a href=\"mailto:biuro@f4ftech.com\">biuro@f4ftech.com<\/a><\/p>\n<p><strong>\u00a0<\/strong><\/p>\n<h2>Zasady przetwarzania danych osobowych<\/h2>\n<p>Administrator przetwarza dane osobowe u\u017cytkownik\u00f3w zgodnie z przepisami rozporz\u0105dzenia Parlamentu Europejskiego i Rady (UE) 2016\/679 z 27.04.2016 r. w sprawie ochrony os\u00f3b fizycznych w zwi\u0105zku z przetwarzaniem danych osobowych (zwanego dalej \u201eRODO\u201d) i innymi powszechnie obowi\u0105zuj\u0105cymi przepisami prawa.<\/p>\n<p>&nbsp;<\/p>\n<p>Administrator przyk\u0142ada du\u017ca wag\u0119 do ochrony prywatno\u015bci i poufno\u015bci danych osobowych u\u017cytkownik\u00f3w serwisu, z nale\u017cyt\u0105 staranno\u015bci\u0105 dobiera i stosuje odpowiednie \u015brodki techniczne i organizacyjne zapewniaj\u0105ce ochron\u0119 i przetwarzanie danych osobowych.<\/p>\n<p>&nbsp;<\/p>\n<p>Dane osobowe u\u017cytkownik\u00f3w przetwarzanie s\u0105 na serwerach zapewniaj\u0105cych ich bezpiecze\u0144stwo. Administrator dok\u0142ada szczeg\u00f3lnej staranno\u015bci, aby dane by\u0142y przetwarzane zgodnie z celem i zakresem korzystania z us\u0142ug dost\u0119pnych za po\u015brednictwem serwisu w tym podstron internetowych, aplikacji i innych funkcjonalno\u015bci udost\u0119pnianych przez Administratora, tak aby uczyni\u0107 korzystanie z Serwisu jak najbezpieczniejszym i najwygodniejszym dla u\u017cytkownik\u00f3w.<\/p>\n<p>&nbsp;<\/p>\n<h2>Zakres i cel przetwarzania danych<\/h2>\n<p>Dane b\u0119d\u0105 przetwarzane w celach zwi\u0105zanych z korzystaniem z serwisu oraz us\u0142ug \u015bwiadczonych za po\u015brednictwem serwisu w postaci udzielania odpowiedzi na pytania zadawane przez u\u017cytkownik\u00f3w za po\u015brednictwem strony internetowej.<\/p>\n<p>&nbsp;<\/p>\n<p>Dane osobowe u\u017cytkownik\u00f3w serwisu gromadzone s\u0105 bezpo\u015brednio od os\u00f3b, kt\u00f3rych dotycz\u0105, tj. poprzez wype\u0142nienie przez u\u017cytkownika danych podczas sk\u0142adania zapytania za po\u015brednictwem serwisu. Podanie dodatkowych danych, kt\u00f3re nie s\u0105 niezb\u0119dne do \u015bwiadczenia us\u0142ugi jest dobrowolne i wymaga wyra\u017anej zgody u\u017cytkownika serwisu na ich dalsze przetwarzanie.<\/p>\n<p>&nbsp;<\/p>\n<p>Podawanie danych jest dobrowolne, jednak\u017ce ich niepodanie mo\u017ce uniemo\u017cliwi\u0107 uzyskanie odpowiedzi na pytanie albowiem poniewa\u017c specyfika \u015bwiadczonych przez serwis us\u0142ug powoduje, \u017ce ich realizacja w postaci udzielenia odpowiedzi na pytanie nie mo\u017ce by\u0107 anonimowa.<\/p>\n<p>&nbsp;<\/p>\n<h2>Podstawy prawne przetwarzania danych osobowych<\/h2>\n<p>Administrator w oparciu o przepisy RODO uprawniony jest do przetwarzania danych osobowych u\u017cytkownika w nast\u0119puj\u0105cych okoliczno\u015bciach:<\/p>\n<p>&nbsp;<\/p>\n<ol>\n<li>u\u017cytkownik wyrazi zgod\u0119 na przetwarzanie jego danych osobowych;<\/li>\n<li>przetwarzanie danych osobowych U\u017cytkownika b\u0119dzie niezb\u0119dne do wype\u0142nienia obowi\u0105zku prawnego ci\u0105\u017c\u0105cego na Administratorze;<\/li>\n<li>gdy b\u0119dzie to niezb\u0119dne do cel\u00f3w wynikaj\u0105cych z prawnie usprawiedliwionych interes\u00f3w realizowanych przez Administratora lub przez osoby trzecie.<\/li>\n<\/ol>\n<p>&nbsp;<\/p>\n<h2>Komu dane osobowe, b\u0119d\u0105 mog\u0142y by\u0107 udost\u0119pniane<\/h2>\n<p>Na podstawie zapis\u00f3w RODO Pa\u0144stwa dane mog\u0105 zosta\u0107 powierzone innym podmiotom w celu wykonania okre\u015blonych us\u0142ug, wykonywanych na zlecenie administratora danych, a zw\u0142aszcza us\u0142ug hostingu wy\u0142\u0105cznie na podstawie umowy powierzenia.<\/p>\n<p>&nbsp;<\/p>\n<p>Podmioty, kt\u00f3rym dane powierzono s\u0105 zobowi\u0105zane do stosowania \u015brodk\u00f3w technicznych i organizacyjnych w celu zabezpieczenia tych danych.<\/p>\n<p>&nbsp;<\/p>\n<h2>Okres przechowywania danych osobowych<\/h2>\n<p>Okres przechowywania danych osobowych:<\/p>\n<p>&nbsp;<\/p>\n<ol>\n<li>pliki cookies: przez miesi\u0105c od momentu udzielenia zgody przez u\u017cytkownika;<\/li>\n<li>dane analityczne: w przypadku udzielenia zgody do momentu jej cofni\u0119cia, ograniczenia lub innych dzia\u0142a\u0144 u\u017cytkownika ograniczaj\u0105cych t\u0119 zgod\u0119;<\/li>\n<li>inne dane: przez okres niezb\u0119dny do rozpatrzenia pytania i udzielenia odpowiedzi na pytanie.<\/li>\n<\/ol>\n<p>&nbsp;<\/p>\n<p>U\u017cytkownik w ka\u017cdej chwili ma prawo wycofa\u0107 zgod\u0119 na przetwarzanie danych, kt\u00f3re zosta\u0142y podane przez U\u017cytkownika. Administrator w przypadku powzi\u0119cia informacji o cofni\u0119ciu zgody, niezw\u0142ocznie podejmie dzia\u0142ania polegaj\u0105ce na usuni\u0119ciu przechowywanych danych.<\/p>\n<p>&nbsp;<\/p>\n<h2>Prawa os\u00f3b, kt\u00f3rych dane dotycz\u0105<\/h2>\n<p>U\u017cytkownik ma prawo wniesienia skargi do organu nadzorczego \u2013 Prezesa Urz\u0119du Ochrony Danych, gdy uzna, \u017ce przetwarzanie jego danych osobowych narusza przepisy o ochronie danych osobowych.<\/p>\n<p>&nbsp;<\/p>\n<p>U\u017cytkownik posiada ponadto prawo do:<\/p>\n<ol>\n<li>dost\u0119pu do tre\u015bci podanych danych osobowych (art. 15 RODO);<\/li>\n<li>\u017c\u0105dania sprostowania danych osobowych (art. 16 RODO);<\/li>\n<li>\u017c\u0105dania usuni\u0119cia swoich danych osobowych (art. 17 RODO) tzw. \u201eprawo do bycia zapomnianym\u201d;<\/li>\n<li>\u017c\u0105dania ograniczenia przetwarzania swoich danych osobowych (art. 18 RODO);<\/li>\n<li>\u017c\u0105dania przeniesienia w\u0142asnych danych osobowych w powszechnie u\u017cywanym formacie do innego Administratora danych wskazanego przez siebie (art. 20 RODO);<\/li>\n<li>wniesienia sprzeciwu wobec przetwarzania danych osobowych (art. 21 RODO);<\/li>\n<li>cofni\u0119cia zgody na przetwarzanie danych osobowych o ile przetwarzanie odbywa si\u0119 na podstawie udzielonej uprzednio zgody (art. 7 RODO).<\/li>\n<\/ol>\n<p>&nbsp;<\/p>\n<h2>Profilowanie i targetowanie oraz polityka \u201ecookies\u201d<\/h2>\n<p>Dane o ruchu na stronie s\u0142u\u017c\u0105 do profilowania i targetowania reklam w serwisach zewn\u0119trznych \u2013 Facebook, Google, Instagram. S\u0105 one oparte o nieszczeg\u00f3\u0142owe kryteria, uniemo\u017cliwiaj\u0105ce identyfikacj\u0119 pojedynczego u\u017cytkownika.<\/p>\n<p>&nbsp;<\/p>\n<h2>Pliki \u201ecookies\u201d<\/h2>\n<p>Pliki cookies stanowi\u0105 dane informatyczne, w szczeg\u00f3lno\u015bci pliki tekstowe, kt\u00f3re przechowywane s\u0105 w urz\u0105dzeniu ko\u0144cowym u\u017cytkownika serwis\u00f3w i aplikacji. Cookies zazwyczaj zawieraj\u0105 nazw\u0119 domeny serwisu internetowego, z kt\u00f3rego pochodz\u0105, czas przechowywania ich na urz\u0105dzeniu ko\u0144cowym oraz unikalny numer. Pliki cookies nie s\u0142u\u017c\u0105 identyfikacji u\u017cytkownika i na ich podstawie nie jest ustalana to\u017csamo\u015b\u0107 u\u017cytkownika. Strona internetowa wydawcy mo\u017ce umie\u015bci\u0107 plik cookie w przegl\u0105darce, je\u015bli przegl\u0105darka to umo\u017cliwia. Co wa\u017cne, przegl\u0105darka zezwala stronie internetowej na dost\u0119p jedynie do plik\u00f3w cookies umieszczonych przez t\u0119 stron\u0119, a nie do plik\u00f3w umieszczonych przez inne strony internetowe.<\/p>\n<p>&nbsp;<\/p>\n<p>Podmiotem zamieszczaj\u0105cym informacje w formie plik\u00f3w cookies (tzw. ciasteczek) i innych podobnych technologii w urz\u0105dzeniu ko\u0144cowym u\u017cytkownika (np. komputerze, laptopie, smartfonie, Smart TV) oraz uzyskuj\u0105cym do nich dost\u0119p jest <strong>Food4Future Technologies Sp. z o. o. z siedzib\u0105 we Wroc\u0142awiu <\/strong>oraz ww. odbiorcy danych, czyli np. podmioty wsp\u00f3\u0142pracuj\u0105ce z Administratorem, m.in. partnerzy \u015bwiadcz\u0105cy us\u0142ugi analityczne, reklamodawcy, tw\u00f3rcy aplikacji, sieciowe agencje reklamowe.<\/p>\n<p>&nbsp;<\/p>\n<p>Strony internetowe partner\u00f3w Administratora, do kt\u00f3rych odno\u015bniki umieszczone s\u0105 w serwisie podlegaj\u0105 ich w\u0142asnej polityce prywatno\u015bci (w tym zakresie w zakresie wykorzystywania plik\u00f3w cookies).<\/p>\n<p>&nbsp;<\/p>\n<h2>Jakie s\u0105 cele przetwarzania plik\u00f3w cookies?<\/h2>\n<p>Korzystanie z plik\u00f3w cookies i innych podobnych technologii jest niezb\u0119dne w celach:<\/p>\n<p>&nbsp;<\/p>\n<ol>\n<li>dostosowywania zawarto\u015bci serwis\u00f3w i aplikacji do preferencji u\u017cytkownika oraz optymalizacji korzystania ze stron internetowych; np. pliki cookies pozwalaj\u0105 w szczeg\u00f3lno\u015bci rozpozna\u0107 urz\u0105dzenie u\u017cytkownika i odpowiednio wy\u015bwietli\u0107 stron\u0119 internetow\u0105 dostosowan\u0105 do jego indywidualnych potrzeb;<\/li>\n<li>tworzenia statystyk, kt\u00f3re pomagaj\u0105 zrozumie\u0107, w jaki spos\u00f3b u\u017cytkownicy korzystaj\u0105 ze serwis\u00f3w i aplikacji, co umo\u017cliwia ulepszanie ich struktury i zawarto\u015bci;<\/li>\n<li>prezentacji reklam, m.in. w spos\u00f3b uwzgl\u0119dniaj\u0105cy zainteresowania U\u017cytkownika czy jego miejsce zamieszkania (indywidualizowanie przekazu reklamowego) i z gwarancj\u0105 wy\u0142\u0105czenia mo\u017cliwo\u015bci wielokrotnego prezentowania U\u017cytkownikowi tej samej reklamy;<\/li>\n<li>realizacji ankiet &#8211; w szczeg\u00f3lno\u015bci by unikn\u0105\u0107 wielokrotnej prezentacji tej samej ankiety temu samemu odbiorcy oraz by prezentowa\u0107 ankiety w spos\u00f3b uwzgl\u0119dniaj\u0105cy zainteresowania odbiorc\u00f3w.<\/li>\n<\/ol>\n<p>&nbsp;<\/p>\n<h2>Jakie s\u0105 rodzaje wykorzystywanych plik\u00f3w cookies?<\/h2>\n<p>Z uwagi na czas \u017cycia cookies i innych podobnych technologii, Administrator stosuje dwa zasadnicze rodzaje tych plik\u00f3w:<\/p>\n<p>&nbsp;<\/p>\n<ol>\n<li>sesyjne &#8211; pliki tymczasowe przechowywane w urz\u0105dzeniu ko\u0144cowym u\u017cytkownika do czasu opuszczenia strony internetowej i aplikacji lub wy\u0142\u0105czenia oprogramowania (przegl\u0105darki internetowej);<\/li>\n<li>sta\u0142e &#8211; przechowywane w urz\u0105dzeniu ko\u0144cowym u\u017cytkownika przez czas okre\u015blony w parametrach plik\u00f3w cookies lub do czasu ich usuni\u0119cia przez U\u017cytkownika.<\/li>\n<\/ol>\n<p>&nbsp;<\/p>\n<p>Ze wzgl\u0119du na cel, jakiemu s\u0142u\u017c\u0105 pliki cookies i inne podobne technologie, Administrator stosuje ich nast\u0119puj\u0105ce rodzaje:<\/p>\n<p>&nbsp;<\/p>\n<ol>\n<li>niezb\u0119dne do dzia\u0142ania us\u0142ugi i aplikacji- umo\u017cliwiaj\u0105ce korzystanie z naszych us\u0142ug, np. uwierzytelniaj\u0105ce pliki cookies wykorzystywane do us\u0142ug wymagaj\u0105cych uwierzytelniania;<\/li>\n<li>pliki s\u0142u\u017c\u0105ce do zapewnienia bezpiecze\u0144stwa, np. wykorzystywane do wykrywania nadu\u017cy\u0107 w zakresie uwierzytelniania;<\/li>\n<li>wydajno\u015bciowe &#8211; umo\u017cliwiaj\u0105ce zbieranie informacji o sposobie korzystania ze stron internetowych i aplikacji;<\/li>\n<li>funkcjonalne &#8211; umo\u017cliwiaj\u0105ce &#8222;zapami\u0119tanie&#8221; wybranych przez u\u017cytkownika ustawie\u0144 i personalizacj\u0119 interfejsu U\u017cytkownika, np. w zakresie wybranego j\u0119zyka lub regionu, z kt\u00f3rego pochodzi U\u017cytkownik, rozmiaru czcionki, wygl\u0105du strony internetowej i aplikacji itp.;<\/li>\n<li>reklamowe &#8211; umo\u017cliwiaj\u0105ce dostarczanie U\u017cytkownikom tre\u015bci reklamowych bardziej dostosowanych do ich zainteresowa\u0144;<\/li>\n<li>statystyczne &#8211; s\u0142u\u017c\u0105ce do zliczana statystyk dotycz\u0105cych stron internetowych i aplikacji.<\/li>\n<\/ol>\n<p>&nbsp;<\/p>\n<h2>Zarz\u0105dzanie ustawieniami przegl\u0105darki<\/h2>\n<p>W wielu przypadkach oprogramowanie s\u0142u\u017c\u0105ce do przegl\u0105dania stron internetowych (przegl\u0105darka internetowa) domy\u015blnie dopuszcza przechowywanie informacji w formie plik\u00f3w cookies i innych podobnych technologii w urz\u0105dzeniu ko\u0144cowym u\u017cytkownika. U\u017cytkownik mo\u017ce jednak w ka\u017cdym czasie dokona\u0107 zmiany tych ustawie\u0144. Niedokonanie zmian oznacza, \u017ce w\/w informacje mog\u0105 by\u0107 zamieszczane i przechowywane w jego urz\u0105dzeniu ko\u0144cowym, a tym samym \u017ce b\u0119dziemy przechowywa\u0107 informacje w urz\u0105dzeniu ko\u0144cowym u\u017cytkownika i uzyskiwa\u0107 dost\u0119p do tych informacji.<\/p>\n<p>&nbsp;<\/p>\n<p>Z poziomu przegl\u0105darki internetowej, z kt\u00f3rej u\u017cytkownik korzysta mo\u017cliwe jest np. samodzielne zarz\u0105dzanie plikami cookies. W najpopularniejszych przegl\u0105darkach istnieje m.in. mo\u017cliwo\u015b\u0107:<\/p>\n<p>&nbsp;<\/p>\n<ol>\n<li>zaakceptowania obs\u0142ugi cookies, co pozwala u\u017cytkownikowi na pe\u0142ne korzystanie z opcji oferowanych przez witryny internetowe;<\/li>\n<li>zarz\u0105dzania plikami cookies na poziomie pojedynczych, wybranych przez U\u017cytkownika witryn;<\/li>\n<li>okre\u015blania ustawie\u0144 dla r\u00f3\u017cnych typ\u00f3w plik\u00f3w cookie, na przyk\u0142ad akceptowania plik\u00f3w sta\u0142ych jako sesyjnych itp.;<\/li>\n<li>blokowania lub usuwania cookies.<\/li>\n<\/ol>\n<p>&nbsp;<\/p>\n<h2>Rozwi\u0105zywanie problem\u00f3w<\/h2>\n<p>Kompleksowe informacje dost\u0119pne s\u0105 w ustawieniach oprogramowania (przegl\u0105darki internetowej). Szczeg\u00f3\u0142y dla os\u00f3b korzystaj\u0105cych z poszczeg\u00f3lnych przegl\u0105darek internetowych, m.in.:<\/p>\n<p><u>Internet Explorer, Mozilla Firefox, Chrome, Opera Itp.<\/u><\/p>\n<p>&nbsp;<\/p>\n<p>Informujemy, \u017ce ograniczenia b\u0105d\u017a wy\u0142\u0105czenia stosowania plik\u00f3w cookies i innych podobnych technologii mog\u0105 wp\u0142yn\u0105\u0107 na niekt\u00f3re funkcjonalno\u015bci dost\u0119pne w naszych serwisach.<\/p>\n<p>&nbsp;<\/p>\n<p>Dodatkowe informacje na temat plik\u00f3w cookies i innych technologii mo\u017cna znale\u017a\u0107 m.in. pod adresem wszystkoociasteczkach.pl lub w sekcji Pomoc w menu przegl\u0105darki internetowej.<\/p>\n<p>[\/et_pb_text][\/et_pb_column][\/et_pb_row][\/et_pb_section]<\/p>\n","protected":false},"excerpt":{"rendered":"<p>Polityka prywatno\u015bciPolityka prywatno\u015bci Niniejsza Polityka Prywatno\u015bci okre\u015bla zasady przetwarzania wszelkich informacji o charakterze danych osobowych, kt\u00f3re pozyskane zosta\u0142y przez Food4Future Technologies Sp. z o. o. z siedzib\u0105 we Wroc\u0142awiu w zwi\u0105zku z korzystaniem przez U\u017cytkownik\u00f3w z informacji oraz us\u0142ug dost\u0119pnych za po\u015brednictwem serwisu prowadzonego pod domen\u0105 https:\/\/www.f4ftech.com \u00a0 Administrator danych osobowych Administratorem danych osobowych U\u017cytkownik\u00f3w [&hellip;]<\/p>\n","protected":false},"author":4,"featured_media":0,"parent":0,"menu_order":0,"comment_status":"closed","ping_status":"closed","template":"","meta":{"_et_pb_use_builder":"on","_et_pb_old_content":"","_et_gb_content_width":"","footnotes":""},"class_list":["post-1077","page","type-page","status-publish","hentry"],"_links":{"self":[{"href":"https:\/\/f4ftech.com\/pl\/wp-json\/wp\/v2\/pages\/1077","targetHints":{"allow":["GET"]}}],"collection":[{"href":"https:\/\/f4ftech.com\/pl\/wp-json\/wp\/v2\/pages"}],"about":[{"href":"https:\/\/f4ftech.com\/pl\/wp-json\/wp\/v2\/types\/page"}],"author":[{"embeddable":true,"href":"https:\/\/f4ftech.com\/pl\/wp-json\/wp\/v2\/users\/4"}],"replies":[{"embeddable":true,"href":"https:\/\/f4ftech.com\/pl\/wp-json\/wp\/v2\/comments?post=1077"}],"version-history":[{"count":3,"href":"https:\/\/f4ftech.com\/pl\/wp-json\/wp\/v2\/pages\/1077\/revisions"}],"predecessor-version":[{"id":1123,"href":"https:\/\/f4ftech.com\/pl\/wp-json\/wp\/v2\/pages\/1077\/revisions\/1123"}],"wp:attachment":[{"href":"https:\/\/f4ftech.com\/pl\/wp-json\/wp\/v2\/media?parent=1077"}],"curies":[{"name":"wp","href":"https:\/\/api.w.org\/{rel}","templated":true}]}}