{"id":322,"date":"2022-04-27T12:10:59","date_gmt":"2022-04-27T10:10:59","guid":{"rendered":"http:\/\/f4ftech.com\/prestasjoner\/"},"modified":"2026-01-27T13:52:53","modified_gmt":"2026-01-27T12:52:53","slug":"prosjekter","status":"publish","type":"page","link":"https:\/\/f4ftech.com\/no\/prosjekter\/","title":{"rendered":"Prosjekter"},"content":{"rendered":"<p>[et_pb_section fb_built=&raquo;1&#8243; custom_padding_last_edited=&raquo;on|phone&raquo; _builder_version=&raquo;4.17.4&#8243; _module_preset=&raquo;default&raquo; background_color_gradient_direction=&raquo;90deg&raquo; background_color_gradient_start=&raquo;#00106d&raquo; background_color_gradient_end=&raquo;rgba(0,0,0,0)&raquo; background_image=&raquo;https:\/\/f4ftech.com\/wp-content\/uploads\/2022\/04\/f4f-tech-bg-7.jpg&raquo; parallax=&raquo;on&raquo; parallax_method=&raquo;off&raquo; custom_padding=&raquo;10vh||10vh||true|false&raquo; custom_padding_tablet=&raquo;&raquo; custom_padding_phone=&raquo;100px||100px||true|false&raquo; global_colors_info=&raquo;{}&raquo;][et_pb_row use_custom_gutter=&raquo;on&raquo; gutter_width=&raquo;2&#8243; custom_padding_last_edited=&raquo;on|phone&raquo; _builder_version=&raquo;4.17.4&#8243; _module_preset=&raquo;default&raquo; max_width=&raquo;1370px&raquo; custom_padding=&raquo;120px||50px||false|false&raquo; custom_padding_tablet=&raquo;120px||50px||false|false&raquo; custom_padding_phone=&raquo;50px||10px||false|false&raquo; global_colors_info=&raquo;{}&raquo;][et_pb_column type=&raquo;4_4&#8243; _builder_version=&raquo;4.16&#8243; _module_preset=&raquo;default&raquo; global_colors_info=&raquo;{}&raquo;][et_pb_text _builder_version=&raquo;4.27.0&#8243; _module_preset=&raquo;default&raquo; header_font=&raquo;Raleway||||||||&raquo; header_text_color=&raquo;#FFFFFF&raquo; header_line_height=&raquo;1.2em&raquo; custom_margin=&raquo;||10px||false|false&raquo; header_font_size_tablet=&raquo;&raquo; header_font_size_phone=&raquo;30px&raquo; header_font_size_last_edited=&raquo;on|phone&raquo; header_line_height_tablet=&raquo;&raquo; header_line_height_phone=&raquo;1.4em&raquo; header_line_height_last_edited=&raquo;on|phone&raquo; global_colors_info=&raquo;{}&raquo; header_line_height__hover_enabled=&raquo;off|desktop&raquo;]<\/p>\n<h1>Prosjekter<\/h1>\n<p>[\/et_pb_text][\/et_pb_column][\/et_pb_row][\/et_pb_section][et_pb_section fb_built=&raquo;1&#8243; inner_shadow=&raquo;on&raquo; specialty=&raquo;on&raquo; padding_bottom_1=&raquo;50px&raquo; padding_top_bottom_link_1=&raquo;false&raquo; padding_left_right_link_1=&raquo;false&raquo; _builder_version=&raquo;4.17.0&#8243; _module_preset=&raquo;default&raquo; global_colors_info=&raquo;{}&raquo;][et_pb_column type=&raquo;3_4&#8243; specialty_columns=&raquo;3&#8243; _builder_version=&raquo;4.16&#8243; custom_padding=&raquo;|||&raquo; global_colors_info=&raquo;{}&raquo; custom_padding__hover=&raquo;|||&raquo;][et_pb_row_inner _builder_version=&raquo;4.17.0&#8243; _module_preset=&raquo;default&raquo; global_colors_info=&raquo;{}&raquo;][et_pb_column_inner saved_specialty_column_type=&raquo;3_4&#8243; _builder_version=&raquo;4.17.0&#8243; _module_preset=&raquo;default&raquo; custom_padding=&raquo;|10px||10px|false|true&raquo; custom_padding_tablet=&raquo;|10px||10px|false|true&raquo; custom_padding_phone=&raquo;|0px||0px|false|true&raquo; custom_padding_last_edited=&raquo;on|phone&raquo; border_width_right=&raquo;2px&raquo; border_color_right=&raquo;#00106D&raquo; border_width_all_tablet=&raquo;&raquo; border_width_all_phone=&raquo;&raquo; border_width_all_last_edited=&raquo;on|phone&raquo; border_width_right_tablet=&raquo;2px&raquo; border_width_right_phone=&raquo;0px&raquo; border_width_right_last_edited=&raquo;on|phone&raquo; global_colors_info=&raquo;{}&raquo;][et_pb_number_counter number=&raquo;1&#8243; percent_sign=&raquo;off&raquo; _builder_version=&raquo;4.17.0&#8243; _module_preset=&raquo;default&raquo; number_font_size=&raquo;55px&raquo; text_orientation=&raquo;left&raquo; global_colors_info=&raquo;{}&raquo;][\/et_pb_number_counter][et_pb_text _builder_version=&raquo;4.17.0&#8243; _module_preset=&raquo;default&raquo; text_font=&raquo;Open Sans||||||||&raquo; text_text_color=&raquo;#00106D&raquo; header_2_font_size=&raquo;30px&raquo; header_2_line_height=&raquo;1.2em&raquo; header_2_font_size_tablet=&raquo;30px&raquo; header_2_font_size_phone=&raquo;25px&raquo; header_2_font_size_last_edited=&raquo;on|phone&raquo; global_colors_info=&raquo;{}&raquo; text_line_height=&raquo;1.6em&raquo;]<\/p>\n<h2>Shrimp Health Alert<\/h2>\n<p>Rask og n\u00f8yaktig pasientn\u00e6r pr\u00f8ve for deteksjon av patogener p\u00e5 rekeoppdrettsanlegg, under Tiltak 1.1 i det operative programmet \u00abSmart vekst\u00bb 2014\u20132020, samfinansiert av Det europeiske regionale utviklingsfond; Prioritet I: St\u00f8tte for forskning og utvikling i bedrifter; Tiltak: 1.1 Forsknings- og utviklingsprosjekter i bedrifter; Deltiltak 1.1.1: Industrielt forsknings- og utviklingsarbeid utf\u00f8rt av bedrifter<\/p>\n<p><strong>Form\u00e5let med prosjektet:<\/strong> \u00e5 utarbeide en diagnostisk pr\u00f8ve for identifisering av virus og bakterier p\u00e5 rekeoppdrettsanlegg. Pr\u00f8ven er ment \u00e5 v\u00e6re enkel i bruk, rask og relativt billig, slik at den kan bli popul\u00e6r blant rekeprodusenter og redusere materielle tap for\u00e5rsaket av epidemier, samt begrense bruk av legemidler n\u00e5r de ikke er n\u00f8dvendige. The test is intended to be easy to use, fast, and relatively inexpensive, which will allow it to be disseminated among breeders, reduce material losses caused by epidemics and use drugs only when needed. <\/p>\n<p>[\/et_pb_text][et_pb_image src=&raquo;https:\/\/f4ftech.com\/wp-content\/uploads\/2022\/04\/ef_pl_eu_eng.jpg&raquo; title_text=&raquo;logo_FE_Smart_Growth_rgb&raquo; _builder_version=&raquo;4.17.0&#8243; _module_preset=&raquo;default&raquo; global_colors_info=&raquo;{}&raquo;][\/et_pb_image][et_pb_text _builder_version=&raquo;4.27.5&#8243; _module_preset=&raquo;default&raquo; link_text_color=&raquo;#07E9FE&raquo; header_2_font_size=&raquo;30px&raquo; hover_enabled=&raquo;0&#8243; header_2_font_size_tablet=&raquo;30px&raquo; header_2_font_size_phone=&raquo;25px&raquo; header_2_font_size_last_edited=&raquo;on|phone&raquo; global_colors_info=&raquo;{}&raquo; text_line_height=&raquo;1.6em&raquo; sticky_enabled=&raquo;0&#8243;]<\/p>\n<p><strong>Total prosjektverdi:<\/strong> PLN 10 187 623.53<br \/><strong>Tilskuddsbel\u00f8p:<\/strong> PLN 8 775 441.18<br \/><strong>Prosjektets implementeringsperiode: <\/strong>1.02.2020 \u2013 29.06.2023<\/p>\n<p>Prosjektet utf\u00f8res i et konsortium med Institutt for bioteknologi og molekyl\u00e6r medisin<\/p>\n<p><a href=\"http:\/\/mapadotacji.gov.pl\/\" target=\"_blank\" rel=\"noopener\" data-saferedirecturl=\"https:\/\/www.google.com\/url?q=http:\/\/mapadotacji.gov.pl&amp;source=gmail&amp;ust=1610637286330000&amp;usg=AFQjCNF8PI8_wEni36ZxT6m2YoHPVBCv-A\">mapadotacji.gov.pl<\/a><\/p>\n<p>[\/et_pb_text][\/et_pb_column_inner][\/et_pb_row_inner][et_pb_row_inner _builder_version=&raquo;4.17.0&#8243; _module_preset=&raquo;default&raquo; global_colors_info=&raquo;{}&raquo;][et_pb_column_inner saved_specialty_column_type=&raquo;3_4&#8243; _builder_version=&raquo;4.17.0&#8243; _module_preset=&raquo;default&raquo; custom_padding=&raquo;|10px||10px|false|true&raquo; custom_padding_tablet=&raquo;|10px||10px|false|true&raquo; custom_padding_phone=&raquo;|0px||0px|false|true&raquo; custom_padding_last_edited=&raquo;on|phone&raquo; border_width_right=&raquo;2px&raquo; border_color_right=&raquo;#00106D&raquo; border_width_right_tablet=&raquo;2px&raquo; border_width_right_phone=&raquo;0px&raquo; border_width_right_last_edited=&raquo;on|phone&raquo; global_colors_info=&raquo;{}&raquo;][et_pb_number_counter number=&raquo;2&#8243; percent_sign=&raquo;off&raquo; _builder_version=&raquo;4.17.0&#8243; _module_preset=&raquo;default&raquo; number_font_size=&raquo;55px&raquo; text_orientation=&raquo;left&raquo; global_colors_info=&raquo;{}&raquo;][\/et_pb_number_counter][et_pb_text _builder_version=&raquo;4.27.5&#8243; _module_preset=&raquo;default&raquo; text_font=&raquo;Open Sans||||||||&raquo; text_text_color=&raquo;#00106D&raquo; header_2_font_size=&raquo;30px&raquo; header_2_line_height=&raquo;1.2em&raquo; hover_enabled=&raquo;0&#8243; header_2_font_size_tablet=&raquo;30px&raquo; header_2_font_size_phone=&raquo;25px&raquo; header_2_font_size_last_edited=&raquo;on|phone&raquo; global_colors_info=&raquo;{}&raquo; text_line_height=&raquo;1.6em&raquo; sticky_enabled=&raquo;0&#8243;]<\/p>\n<h2>Strategi for ekspandering til utenlandske markeder \u2013 det norske markedet<\/h2>\n<p>Prosjekt finansiert med midler fra europeiske fond innenfor det operative programmet \u00abIntelligent utvikling\u00bb 2014\u20132020, prioriteringsakse III \u00abSt\u00f8tte til innovasjon i bedrifter\u00bb, tiltak 3.3 \u00abSt\u00f8tte til promotering og internasjonalisering av innovative bedrifter\u00bb, undertiltak 3.3.1 \u00abPolske teknologibroer\u00bb.<\/p>\n<p>[\/et_pb_text][et_pb_image src=&raquo;https:\/\/f4ftech.com\/wp-content\/uploads\/2022\/04\/ef_pl_eu_eng.jpg&raquo; title_text=&raquo;logo_FE_Smart_Growth_rgb&raquo; _builder_version=&raquo;4.17.0&#8243; _module_preset=&raquo;default&raquo; global_colors_info=&raquo;{}&raquo;][\/et_pb_image][et_pb_text _builder_version=&raquo;4.27.5&#8243; _module_preset=&raquo;default&raquo; text_font=&raquo;Open Sans||||||||&raquo; text_text_color=&raquo;#00106D&raquo; header_2_font_size=&raquo;30px&raquo; header_2_line_height=&raquo;1.2em&raquo; hover_enabled=&raquo;0&#8243; header_2_font_size_tablet=&raquo;30px&raquo; header_2_font_size_phone=&raquo;25px&raquo; header_2_font_size_last_edited=&raquo;on|phone&raquo; global_colors_info=&raquo;{}&raquo; text_line_height=&raquo;1.6em&raquo; sticky_enabled=&raquo;0&#8243;]<\/p>\n<p data-start=\"0\" data-end=\"335\"><strong data-start=\"0\" data-end=\"32\">Prosjektets m\u00e5l og effekter:<\/strong> utarbeidelse av en kommersialiseringsstrategi for moderne diagnostiske tester for identifisering av patogener p\u00e5 lakseoppdrettsanlegg i Norge. Innenfor prosjektet vil mulighetene for sertifisering av nye diagnostiske enheter, st\u00f8rrelsen p\u00e5 m\u00e5lmarkedet samt karakteristikken av m\u00e5lgruppene bli kartlagt.<\/p>\n<p data-start=\"337\" data-end=\"420\"><strong data-start=\"337\" data-end=\"420\">Resultatet av prosjektet er en strategi for ekspansjon til det norske markedet.<\/strong><\/p>\n<p data-start=\"422\" data-end=\"456\" data-is-last-node=\"\" data-is-only-node=\"\"><strong data-start=\"422\" data-end=\"441\">Tilskuddsbel\u00f8p:<\/strong> PLN 200 000,00<\/p>\n<p>[\/et_pb_text][\/et_pb_column_inner][\/et_pb_row_inner][et_pb_row_inner _builder_version=&raquo;4.17.0&#8243; _module_preset=&raquo;default&raquo; global_colors_info=&raquo;{}&raquo;][et_pb_column_inner saved_specialty_column_type=&raquo;3_4&#8243; _builder_version=&raquo;4.17.0&#8243; _module_preset=&raquo;default&raquo; custom_padding=&raquo;|10px||10px|false|true&raquo; custom_padding_tablet=&raquo;|10px||10px|false|true&raquo; custom_padding_phone=&raquo;|0px||0px|false|true&raquo; custom_padding_last_edited=&raquo;on|phone&raquo; border_width_right=&raquo;2px&raquo; border_color_right=&raquo;#00106D&raquo; border_width_right_tablet=&raquo;2px&raquo; border_width_right_phone=&raquo;0px&raquo; border_width_right_last_edited=&raquo;on|phone&raquo; global_colors_info=&raquo;{}&raquo;][et_pb_number_counter number=&raquo;3&#8243; percent_sign=&raquo;off&raquo; _builder_version=&raquo;4.17.0&#8243; _module_preset=&raquo;default&raquo; number_font_size=&raquo;55px&raquo; text_orientation=&raquo;left&raquo; global_colors_info=&raquo;{}&raquo; text_line_height=&raquo;1.6em&raquo;][\/et_pb_number_counter][et_pb_text _builder_version=&raquo;4.27.5&#8243; _module_preset=&raquo;default&raquo; text_font=&raquo;Open Sans||||||||&raquo; text_text_color=&raquo;#00106D&raquo; header_2_font_size=&raquo;30px&raquo; header_2_line_height=&raquo;1.2em&raquo; hover_enabled=&raquo;0&#8243; header_2_font_size_tablet=&raquo;30px&raquo; header_2_font_size_phone=&raquo;25px&raquo; header_2_font_size_last_edited=&raquo;on|phone&raquo; global_colors_info=&raquo;{}&raquo; text_line_height=&raquo;1.6em&raquo; sticky_enabled=&raquo;0&#8243;]<\/p>\n<h2>Project FishSensor<\/h2>\n<p>Forsknings- og utviklingsarbeid knyttet til utvikling av et system for p\u00e5visning av patogener i fiskeoppdrett gjennomf\u00f8res innenfor tiltak 1.1 \u00abFoU-prosjekter i bedrifter\u00bb i det operative programmet \u00abIntelligent utvikling\u00bb 2014\u20132020, samfinansiert med midler fra Det europeiske regionale utviklingsfond.<\/p>\n<p>[\/et_pb_text][et_pb_image src=&raquo;https:\/\/f4ftech.com\/wp-content\/uploads\/2022\/04\/ef_pt_eu_eng.jpg&raquo; title_text=&raquo;logo_FE_Smart_Growth_rgb&raquo; _builder_version=&raquo;4.17.0&#8243; _module_preset=&raquo;default&raquo; global_colors_info=&raquo;{}&raquo;][\/et_pb_image][et_pb_text _builder_version=&raquo;4.27.5&#8243; _module_preset=&raquo;default&raquo; link_text_color=&raquo;#07E9FE&raquo; header_2_font_size=&raquo;30px&raquo; hover_enabled=&raquo;0&#8243; header_2_font_size_tablet=&raquo;30px&raquo; header_2_font_size_phone=&raquo;25px&raquo; header_2_font_size_last_edited=&raquo;on|phone&raquo; global_colors_info=&raquo;{}&raquo; text_line_height=&raquo;1.6em&raquo; sticky_enabled=&raquo;0&#8243;]<\/p>\n<p><strong>Prosjektets m\u00e5l og resultater:<\/strong> utvikling og implementering p\u00e5 markedet av den diagnostiske testen FishSensor for p\u00e5visning av de vanligst forekommende patogenene i fiskeoppdrett. Som resultat av prosjektets gjennomf\u00f8ring vil det bli konstruert utstyr som muliggj\u00f8r umiddelbar diagnostikk av bakterielle og virale infeksjoner p\u00e5 fiskeoppdrettsanlegg.<\/p>\n<p><strong>Prosjektets totale verdi:<\/strong> PLN 6 078 578,40<br \/><strong>Finansiering fra Europeiskie fond:<\/strong>\u00a0PLN 4 527 464,49<\/p>\n<p>[\/et_pb_text][\/et_pb_column_inner][\/et_pb_row_inner][et_pb_row_inner _builder_version=&raquo;4.17.0&#8243; _module_preset=&raquo;default&raquo; locked=&raquo;off&raquo; global_colors_info=&raquo;{}&raquo;][et_pb_column_inner saved_specialty_column_type=&raquo;3_4&#8243; _builder_version=&raquo;4.17.0&#8243; _module_preset=&raquo;default&raquo; custom_padding=&raquo;|10px||10px|false|true&raquo; custom_padding_tablet=&raquo;|10px||10px|false|true&raquo; custom_padding_phone=&raquo;|0px||0px|false|true&raquo; custom_padding_last_edited=&raquo;on|phone&raquo; border_width_right=&raquo;2px&raquo; border_color_right=&raquo;#00106D&raquo; border_width_right_tablet=&raquo;2px&raquo; border_width_right_phone=&raquo;0px&raquo; border_width_right_last_edited=&raquo;on|phone&raquo; global_colors_info=&raquo;{}&raquo;][et_pb_number_counter number=&raquo;4&#8243; percent_sign=&raquo;off&raquo; _builder_version=&raquo;4.27.0&#8243; _module_preset=&raquo;default&raquo; number_font_size=&raquo;55px&raquo; text_orientation=&raquo;left&raquo; global_colors_info=&raquo;{}&raquo;][\/et_pb_number_counter][et_pb_text _builder_version=&raquo;4.27.5&#8243; _module_preset=&raquo;default&raquo; text_font=&raquo;Open Sans||||||||&raquo; text_text_color=&raquo;#00106D&raquo; header_2_font_size=&raquo;30px&raquo; header_2_line_height=&raquo;1.2em&raquo; hover_enabled=&raquo;0&#8243; header_2_font_size_tablet=&raquo;30px&raquo; header_2_font_size_phone=&raquo;25px&raquo; header_2_font_size_last_edited=&raquo;on|phone&raquo; global_colors_info=&raquo;{}&raquo; sticky_enabled=&raquo;0&#8243; text_line_height=&raquo;1.6em&raquo;]<\/p>\n<h2>AlgaFiber<\/h2>\n<p data-start=\"15\" data-end=\"397\">\u00abUtvikling av et innovativt helsefremmende polysakkaridpreparat som inneholder lettopptakelige proteiner, basert p\u00e5 ekstrakt fra marine alger, sammen med teknologi for produksjonen av dette\u00bb, gjennomf\u00f8rt innenfor den f\u00f8rste NUTRITECH-utlysningen \u2013 ern\u00e6ring i lys av utfordringene knyttet til forbedring av samfunnets velferd og klimaendringer \u2013 med finansiering fra statsbudsjettet.<\/p>\n<p data-start=\"399\" data-end=\"462\">Tilskuddsavtale nr. NUTRITECH1\/000O\/2022 av 11.10.2023.<\/p>\n<p>[\/et_pb_text][et_pb_image src=&raquo;https:\/\/f4ftech.com\/wp-content\/uploads\/2024\/08\/image001.png&raquo; title_text=&raquo;image001&#8243; _builder_version=&raquo;4.27.0&#8243; _module_preset=&raquo;default&raquo; global_colors_info=&raquo;{}&raquo;][\/et_pb_image][et_pb_text _builder_version=&raquo;4.27.5&#8243; _module_preset=&raquo;default&raquo; link_text_color=&raquo;#07E9FE&raquo; header_2_font_size=&raquo;30px&raquo; hover_enabled=&raquo;0&#8243; header_2_font_size_tablet=&raquo;30px&raquo; header_2_font_size_phone=&raquo;25px&raquo; header_2_font_size_last_edited=&raquo;on|phone&raquo; global_colors_info=&raquo;{}&raquo; sticky_enabled=&raquo;0&#8243; text_line_height=&raquo;1.6em&raquo;]<\/p>\n<p data-start=\"464\" data-end=\"1200\"><strong data-start=\"464\" data-end=\"498\">Prosjektets m\u00e5l og resultater:<\/strong><br data-start=\"498\" data-end=\"501\" \/>Utvikling av et globalt innovativt polysakkaridpreparat AlgaFibers, best\u00e5ende av et kompleks av polysakkarider som fungerer som kostfiber, samt lettopptakelige proteiner utvunnet fra marine makroalger og mannitol. Preparatet skal bidra til \u00e5 senke blodsukkerniv\u00e5et gjennom hemming av alfa-amylaser og alfa-glukosidaser, samt vise antioksidative og betennelsesdempende egenskaper typiske for metabolske forstyrrelser knyttet til livsstilssykdommer. Videre skal det bidra til reduksjon av kolesterolniv\u00e5et (gjennom redusert absorpsjon og akkumulering av mettet fett i levercellene, samt \u00f8kt lipolyse), sammenlignet med preparater tilgjengelige p\u00e5 verdensmarkedet (f.eks. PGX, Enterfiber, Litesse).<\/p>\n<p data-start=\"1202\" data-end=\"1334\"><strong data-start=\"1202\" data-end=\"1231\">Prosjektets totale verdi:<\/strong> PLN 9 889 622,50<br data-start=\"1248\" data-end=\"1251\" \/><strong data-start=\"1251\" data-end=\"1270\">Tilskuddsbel\u00f8p:<\/strong> PLN 6 876 851,00<br data-start=\"1287\" data-end=\"1290\" \/><strong data-start=\"1290\" data-end=\"1310\">Prosjektets implementeringsperiod:<\/strong> 01.09.2023 \u2013 31.05.2026<\/p>\n<p data-start=\"1336\" data-end=\"1380\"><strong data-start=\"1336\" data-end=\"1380\">Prosjektet gjennomf\u00f8res i et konsortium:<\/strong><\/p>\n<p data-start=\"1384\" data-end=\"1448\">Food4Future Technologies Sp. z o.o. \u2013 Konsortieleder (bedrift)<\/p>\n<p>H2O SCITECH \u2013 Institutt for vann \u2013 Konsortiedeltaker (forskningsinstitusjon)<\/p>\n<p>Tarczy\u0144ski SA \u2013 Konsortiedeltaker (bedrift)<\/p>\n<p>[\/et_pb_text][\/et_pb_column_inner][\/et_pb_row_inner][\/et_pb_column][et_pb_column type=&raquo;1_4&#8243; _builder_version=&raquo;4.16&#8243; custom_padding=&raquo;|||&raquo; global_colors_info=&raquo;{}&raquo; custom_padding__hover=&raquo;|||&raquo;][et_pb_text _builder_version=&raquo;4.17.0&#8243; _module_preset=&raquo;default&raquo; header_2_font_size=&raquo;30px&raquo; header_3_text_color=&raquo;#05E7A6&#8243; header_3_font_size=&raquo;26px&raquo; header_2_font_size_tablet=&raquo;30px&raquo; header_2_font_size_phone=&raquo;25px&raquo; header_2_font_size_last_edited=&raquo;on|phone&raquo; header_3_font_size_tablet=&raquo;&raquo; header_3_font_size_phone=&raquo;25px&raquo; header_3_font_size_last_edited=&raquo;on|phone&raquo; global_colors_info=&raquo;{}&raquo;]<\/p>\n<h3>V\u00e5re <strong>nyheter<\/strong><\/h3>\n<p>[\/et_pb_text][et_pb_blog use_manual_excerpt=&raquo;off&raquo; show_author=&raquo;off&raquo; show_categories=&raquo;off&raquo; show_excerpt=&raquo;off&raquo; _builder_version=&raquo;4.17.0&#8243; _module_preset=&raquo;default&raquo; header_text_color=&raquo;#00106D&raquo; header_font_size=&raquo;20px&raquo; header_line_height=&raquo;1.3em&raquo; meta_text_color=&raquo;#05E7A6&#8243; custom_margin=&raquo;||||false|false&raquo; custom_padding=&raquo;||||false|false&raquo; header_font_tablet=&raquo;&raquo; header_font_phone=&raquo;&raquo; header_font_last_edited=&raquo;on|phone&raquo; header_font_size_tablet=&raquo;20px&raquo; header_font_size_phone=&raquo;20px&raquo; header_font_size_last_edited=&raquo;on|phone&raquo; border_color_left_fullwidth=&raquo;#00106D&raquo; global_colors_info=&raquo;{}&raquo;][\/et_pb_blog][\/et_pb_column][\/et_pb_section]<\/p>\n","protected":false},"excerpt":{"rendered":"<p>ProsjekterShrimp Health Alert Rask og n\u00f8yaktig pasientn\u00e6r pr\u00f8ve for deteksjon av patogener p\u00e5 rekeoppdrettsanlegg, under Tiltak 1.1 i det operative programmet \u00abSmart vekst\u00bb 2014\u20132020, samfinansiert av Det europeiske regionale utviklingsfond; Prioritet I: St\u00f8tte for forskning og utvikling i bedrifter; Tiltak: 1.1 Forsknings- og utviklingsprosjekter i bedrifter; Deltiltak 1.1.1: Industrielt forsknings- og utviklingsarbeid utf\u00f8rt av bedrifter [&hellip;]<\/p>\n","protected":false},"author":4,"featured_media":0,"parent":0,"menu_order":0,"comment_status":"closed","ping_status":"closed","template":"","meta":{"_et_pb_use_builder":"on","_et_pb_old_content":"","_et_gb_content_width":"","footnotes":""},"class_list":["post-322","page","type-page","status-publish","hentry"],"_links":{"self":[{"href":"https:\/\/f4ftech.com\/no\/wp-json\/wp\/v2\/pages\/322","targetHints":{"allow":["GET"]}}],"collection":[{"href":"https:\/\/f4ftech.com\/no\/wp-json\/wp\/v2\/pages"}],"about":[{"href":"https:\/\/f4ftech.com\/no\/wp-json\/wp\/v2\/types\/page"}],"author":[{"embeddable":true,"href":"https:\/\/f4ftech.com\/no\/wp-json\/wp\/v2\/users\/4"}],"replies":[{"embeddable":true,"href":"https:\/\/f4ftech.com\/no\/wp-json\/wp\/v2\/comments?post=322"}],"version-history":[{"count":21,"href":"https:\/\/f4ftech.com\/no\/wp-json\/wp\/v2\/pages\/322\/revisions"}],"predecessor-version":[{"id":3952,"href":"https:\/\/f4ftech.com\/no\/wp-json\/wp\/v2\/pages\/322\/revisions\/3952"}],"wp:attachment":[{"href":"https:\/\/f4ftech.com\/no\/wp-json\/wp\/v2\/media?parent=322"}],"curies":[{"name":"wp","href":"https:\/\/api.w.org\/{rel}","templated":true}]}}